{"id":129,"date":"2020-01-21T17:10:02","date_gmt":"2020-01-21T16:10:02","guid":{"rendered":"http:\/\/ossiachersee-schifffahrt.at\/?page_id=129"},"modified":"2026-03-10T10:33:16","modified_gmt":"2026-03-10T09:33:16","slug":"impressum","status":"publish","type":"page","link":"https:\/\/ossiachersee-schifffahrt.at\/en\/impressum\/","title":{"rendered":"imprint (german)"},"content":{"rendered":"<div data-elementor-type=\"wp-page\" data-elementor-id=\"129\" class=\"elementor elementor-129\">\n\t\t\t\t\t\t<section class=\"elementor-section elementor-top-section elementor-element elementor-element-1147d129 elementor-section-boxed elementor-section-height-default elementor-section-height-default\" data-id=\"1147d129\" data-element_type=\"section\" data-e-type=\"section\">\n\t\t\t\t\t\t<div class=\"elementor-container elementor-column-gap-default\">\n\t\t\t\t\t<div class=\"elementor-column elementor-col-100 elementor-top-column elementor-element elementor-element-c6adcbb\" data-id=\"c6adcbb\" data-element_type=\"column\" data-e-type=\"column\">\n\t\t\t<div class=\"elementor-widget-wrap elementor-element-populated\">\n\t\t\t\t\t\t<div class=\"elementor-element elementor-element-7c0c144e elementor-widget elementor-widget-text-editor\" data-id=\"7c0c144e\" data-element_type=\"widget\" data-e-type=\"widget\" data-widget_type=\"text-editor.default\">\n\t\t\t\t<div class=\"elementor-widget-container\">\n\t\t\t\t\t\t\t\t\t<h2>Nageler Schifffahrt &amp; Restaurant GmbH &amp; Co KG\u00a0<\/h2>\n<p><!-- \/wp:heading --><\/p>\n<p><!-- wp:paragraph --><\/p>\n<p>Ossiachersee S\u00fcduferstr. 9<br \/>9523 Villach-Landskron<br \/>E-Mail:\u00a0<a href=\"mailto:office@schifffahrt.at\">office@schifffahrt.at<\/a><\/p>\n<p><!-- \/wp:paragraph --><\/p>\n<p><!-- wp:heading {\"level\":3} --><\/p>\n<h3><span style=\"font-size: 18px; font-weight: 600;\">Ort der Gewerbeberechtigung<\/span><\/h3>\n<p><!-- \/wp:heading --><\/p>\n<p><!-- wp:paragraph --><\/p>\n<p>Ossiacher See \/ Ossiachersee S\u00fcduferstr.9, 9523 Villach-Landskron (B\u00fcro)<\/p>\n<p><!-- \/wp:paragraph --><\/p>\n<p><!-- wp:heading {\"level\":3} --><\/p>\n<h3><strong>UID-Nummer<\/strong><\/h3>\n<p><!-- \/wp:heading --><\/p>\n<p><!-- wp:paragraph --><\/p>\n<p>ATU 66237155<\/p>\n<p><!-- \/wp:paragraph --><\/p>\n<p><!-- wp:heading {\"level\":3} --><\/p>\n<h3>Rechtsform<\/h3>\n<p><!-- \/wp:heading --><\/p>\n<p><!-- wp:paragraph --><\/p>\n<p>GmbH &amp; Co KG<\/p>\n<p><!-- \/wp:paragraph --><\/p>\n<p><!-- wp:heading {\"level\":3} --><\/p>\n<h3>Firmenbuchnummer<\/h3>\n<p><!-- \/wp:heading --><\/p>\n<p><!-- wp:paragraph --><\/p>\n<p>FN 256686p<\/p>\n<p><!-- \/wp:paragraph --><\/p>\n<p><!-- wp:heading {\"level\":3} --><\/p>\n<h3>Firmenbuchgericht<\/h3>\n<p><!-- \/wp:heading --><\/p>\n<p><!-- wp:paragraph --><\/p>\n<p>Landesgericht Klagenfurt am W\u00f6rthersee<\/p>\n<p><!-- \/wp:paragraph --><\/p>\n<p><!-- wp:heading {\"level\":3} --><\/p>\n<h3>Gesch\u00e4ftsf\u00fchrung \/ Juristische Person<\/h3>\n<p><!-- \/wp:heading --><\/p>\n<p><!-- wp:paragraph --><\/p>\n<p>Manuel Kapeller-Hopfgartner, Hans Hopfgartner<\/p>\n<p><!-- \/wp:paragraph --><\/p>\n<p><!-- wp:heading {\"level\":3} --><\/p>\n<h3><strong>Unternehmensgegenstand<\/strong><\/h3>\n<p><!-- \/wp:heading --><\/p>\n<p><!-- wp:paragraph --><\/p>\n<p>Binnenseeschifffahrt 151 \u2013 250 Personen pro Fahrzeug\u00a0<br \/>Binnenseeschifffahrt 251 \u2013 400 Personen pro Fahrzeug<br \/>Binnenseeschifffahrt 51 \u2013 150 Personen pro Fahrzeug<br \/>Buffets aller Art (einschlie\u00dflich Tankstellenbuffets)<br \/>Restaurants<\/p>\n<p><!-- \/wp:paragraph --><\/p>\n<p><!-- wp:heading {\"level\":3} --><\/p>\n<h3><strong>Kammer\/Berufsverband-Zugeh\u00f6rigkeit(en)<\/strong><\/h3>\n<p><!-- \/wp:heading --><\/p>\n<p><!-- wp:paragraph --><\/p>\n<p>WKO K\u00e4rnten<\/p>\n<p><!-- \/wp:paragraph --><\/p>\n<p><!-- wp:paragraph --><\/p>\n<p>Diese Websites k\u00f6nnen Daten \u00fcber dich sammeln, Cookies benutzen, zus\u00e4tzliche Tracking-Dienste von Dritten einbetten und deine Interaktion mit diesem eingebetteten Inhalt aufzeichnen, inklusive deiner Interaktion mit dem eingebetteten Inhalt, falls du ein Konto hast und auf dieser Website angemeldet bist.<\/p>\n<p><!-- \/wp:paragraph --><\/p>\n<p><!-- wp:heading {\"level\":3} --><\/p>\n<h3>Aufsichtsbeh\u00f6rde<\/h3>\n<p><!-- \/wp:heading --><\/p>\n<p><!-- wp:paragraph --><\/p>\n<p>Bezirkshauptmannschaft Villach-Land<br \/>Magistrat der Stadt Villach<\/p>\n<p><!-- \/wp:paragraph --><\/p>\n<p><!-- wp:heading {\"level\":3} --><\/p>\n<h3>Gewerbeordnung<\/h3>\n<p><!-- \/wp:heading --><\/p>\n<p><!-- wp:paragraph --><\/p>\n<p>Anwendbare gewerbe- oder berufsrechtliche Vorschriften: Gewerbeordnung 1994, abrufbar unter\u00a0<a href=\"http:\/\/www.ris.bka.gv.at\/\">http:\/\/www.ris.bka.gv.at<\/a><\/p>\n<p><!-- \/wp:paragraph --><\/p>\n<p><!-- wp:paragraph --><\/p>\n<p>Ihre Zustimmung k\u00f6nnen Sie jederzeit unter folgender E-Mail Adresse widerrufen: info@schifffahrt.at . In einem solchen Fall werden die bisher \u00fcber Sie gespeicherten Daten anonymisiert und in weiterer Folge lediglich f\u00fcr statistische Zwecke ohne Personenbezug weiterverwendet. Mittels des Widerrufs der Zustimmung wird die Rechtm\u00e4\u00dfigkeit der aufgrund der Zustimmung bis zum Widerruf erfolgten Verarbeitung nicht ber\u00fchrt.<\/p>\n<p><!-- \/wp:paragraph --><\/p>\n<p><!-- wp:heading --><\/p>\n<h2>Haftungsausschluss<\/h2>\n<p><!-- \/wp:heading --><\/p>\n<p><!-- wp:heading {\"level\":3} --><\/p>\n<h3>Inhalt des Onlineangebots<\/h3>\n<p><!-- \/wp:heading --><\/p>\n<p><!-- wp:paragraph --><\/p>\n<p>Der Autor \u00fcbernimmt keinerlei Gew\u00e4hr f\u00fcr die Aktualit\u00e4t, Korrektheit, Vollst\u00e4ndigkeit oder Qualit\u00e4t der bereitgestellten Informationen. Haftungsanspr\u00fcche gegen den Autor, welche sich auf Sch\u00e4den materieller oder ideeller Art beziehen, die durch die Nutzung oder Nichtnutzung der dargebotenen Informationen bzw. durch die Nutzung fehlerhafter und unvollst\u00e4ndiger Informationen verursacht wurden, sind grunds\u00e4tzlich ausgeschlossen, sofern seitens des Autors kein nachweislich vors\u00e4tzliches oder grob fahrl\u00e4ssiges Verschulden vorliegt. Alle Angebote sind freibleibend und unverbindlich. Der Autor beh\u00e4lt es sich ausdr\u00fccklich vor, Teile der Seiten oder das gesamte Angebot ohne gesonderte Ank\u00fcndigung zu ver\u00e4ndern, zu erg\u00e4nzen, zu l\u00f6schen oder die Ver\u00f6ffentlichung zeitweise oder endg\u00fcltig einzustellen.<\/p>\n<p><!-- \/wp:paragraph --><\/p>\n<p><!-- wp:heading {\"level\":3} --><\/p>\n<h3>Verweise und Links<\/h3>\n<p><!-- \/wp:heading --><\/p>\n<p><!-- wp:paragraph --><\/p>\n<p>Bei direkten oder indirekten Verweisen auf fremde Internetseiten (Links), die au\u00dferhalb des Verantwortungsbereiches des Autors liegen, w\u00fcrde eine Haftungsverpflichtung ausschlie\u00dflich in dem Fall in Kraft treten, in dem der Autor von den Inhalten Kenntnis hat und es ihm technisch m\u00f6glich und zumutbar w\u00e4re, die Nutzung im Falle rechtswidriger Inhalte zu verhindern. Der Autor erkl\u00e4rt hiermit ausdr\u00fccklich, dass zum Zeitpunkt der Linksetzung keine illegalen Inhalte auf den zu verlinkenden Seiten erkennbar waren. Auf die aktuelle und zuk\u00fcnftige Gestaltung, die Inhalte oder die Urheberschaft der gelinkten\/verkn\u00fcpften Seiten hat der Autor keinerlei Einfluss. Deshalb distanziert er sich hiermit ausdr\u00fccklich von allen Inhalten aller gelinkten\/verkn\u00fcpften Seiten, die nach der Linksetzung ver\u00e4ndert wurden. Diese Feststellung gilt f\u00fcr alle innerhalb des eigenen Internetangebotes gesetzten Links und Verweise sowie f\u00fcr Fremdeintr\u00e4ge in vom Autor eingerichtete G\u00e4steb\u00fccher, Diskussionsforen und Mailinglisten. F\u00fcr illegale, fehlerhafte oder unvollst\u00e4ndige Inhalte und insbesondere f\u00fcr Sch\u00e4den, die aus der Nutzung oder Nichtnutzung solcherart dargebotener Informationen entstehen, haftet allein der Anbieter der Seite, auf welche verwiesen wurde, nicht derjenige, der \u00fcber Links auf die jeweilige Ver\u00f6ffentlichung lediglich verweist.<\/p>\n<p><!-- \/wp:paragraph --><\/p>\n<p><!-- wp:heading {\"level\":3} --><\/p>\n<h3>Urheber- &amp; Kennzeichenrecht<\/h3>\n<p><!-- \/wp:heading --><\/p>\n<p><!-- wp:paragraph --><\/p>\n<p>Der Autor ist bestrebt, in allen Publikationen die Urheberrechte der verwendeten Grafiken, Tondokumente, Videosequenzen und Texte zu beachten, von ihm selbst erstellte Grafiken, Tondokumente, Videosequenzen und Texte zu nutzen oder auf lizenzfreie Grafiken, Tondokumente, Videosequenzen und Texte zur\u00fcckzugreifen. Alle innerhalb des Internetangebotes genannten und ggf. durch Dritte gesch\u00fctzten Marken- und Warenzeichen unterliegen uneingeschr\u00e4nkt den Bestimmungen des jeweils g\u00fcltigen Kennzeichenrechts und den Besitzrechten der jeweiligen eingetragenen Eigent\u00fcmer. Allein aufgrund der blo\u00dfen Nennung ist nicht der Schluss zu ziehen, dass Markenzeichen nicht durch Rechte Dritter gesch\u00fctzt sind! Das Copyright f\u00fcr ver\u00f6ffentlichte, vom Autor selbst erstellte Objekte bleibt allein beim Autor der Seiten. Eine Vervielf\u00e4ltigung oder Verwendung solcher Grafiken, Tondokumente, Videosequenzen und Texte in anderen elektronischen oder gedruckten Publikationen ist ohne ausdr\u00fcckliche Zustimmung des Autors nicht gestattet.<\/p>\n<p><!-- \/wp:paragraph --><\/p>\n<p><!-- wp:heading {\"level\":3} --><\/p>\n<h3>Rechtswirksamkeit dieses Haftungsausschlusses<\/h3>\n<p><!-- \/wp:heading --><\/p>\n<p><!-- wp:paragraph --><\/p>\n<p>Dieser Haftungsausschluss ist als Teil des Internetangebotes zu betrachten, von dem aus auf diese Seite verwiesen wurde. Sofern Teile oder einzelne Formulierungen dieses Textes der geltenden Rechtslage nicht, nicht mehr oder nicht vollst\u00e4ndig entsprechen sollten, bleiben die \u00fcbrigen Teile des Dokumentes in ihrem Inhalt und ihrer G\u00fcltigkeit davon unber\u00fchrt.<\/p>\n<p><!-- \/wp:paragraph --><\/p>\n<p><!-- wp:heading {\"level\":3} --><\/p>\n<h3>Online-Streitbeilegung<\/h3>\n<p><!-- \/wp:heading --><\/p>\n<p><!-- wp:paragraph --><\/p>\n<p>Die Europ\u00e4ische Kommission stellt eine Plattform zur Online-Streitbeilegung (OS) bereit, die Sie unter\u00a0<a href=\"http:\/\/ec.europa.eu\/odr\/\">http:\/\/ec.europa.eu\/odr\/<\/a>\u00a0finden.<\/p>\n<p><!-- \/wp:paragraph --><\/p>\t\t\t\t\t\t\t\t<\/div>\n\t\t\t\t<\/div>\n\t\t\t\t\t<\/div>\n\t\t<\/div>\n\t\t\t\t\t<\/div>\n\t\t<\/section>\n\t\t\t\t<\/div>","protected":false},"excerpt":{"rendered":"<p>Nageler Schifffahrt &amp; Restaurant GmbH &amp; Co KG\u00a0 Ossiachersee S\u00fcduferstr. 99523 Villach-LandskronE-Mail:\u00a0office@schifffahrt.at Ort der Gewerbeberechtigung Ossiacher See \/ Ossiachersee S\u00fcduferstr.9, 9523 Villach-Landskron (B\u00fcro) UID-Nummer ATU 66237155 Rechtsform GmbH &amp; Co KG Firmenbuchnummer FN 256686p Firmenbuchgericht Landesgericht Klagenfurt am W\u00f6rthersee Gesch\u00e4ftsf\u00fchrung \/ Juristische Person Manuel Kapeller-Hopfgartner, Hans Hopfgartner Unternehmensgegenstand Binnenseeschifffahrt 151 \u2013 250 Personen pro Fahrzeug\u00a0Binnenseeschifffahrt [&hellip;]<\/p>\n","protected":false},"author":1,"featured_media":0,"parent":0,"menu_order":0,"comment_status":"closed","ping_status":"open","template":"","meta":{"footnotes":""},"class_list":["post-129","page","type-page","status-publish","hentry","entry"],"yoast_head":"<!-- This site is optimized with the Yoast SEO plugin v27.4 - https:\/\/yoast.com\/product\/yoast-seo-wordpress\/ -->\n<title>Impressum - Nageler Schifffahrt<\/title>\n<meta name=\"description\" content=\"Hier finden Sie die Impressumsdaten laut Mediengesetz der Nageler Schifffahrt.\" \/>\n<meta name=\"robots\" content=\"index, follow, max-snippet:-1, max-image-preview:large, max-video-preview:-1\" \/>\n<link rel=\"canonical\" href=\"https:\/\/ossiachersee-schifffahrt.at\/en\/impressum\/\" \/>\n<meta property=\"og:locale\" content=\"en_GB\" \/>\n<meta property=\"og:type\" content=\"article\" \/>\n<meta property=\"og:title\" content=\"Impressum - Nageler Schifffahrt\" \/>\n<meta property=\"og:description\" content=\"Hier finden Sie die Impressumsdaten laut Mediengesetz der Nageler Schifffahrt.\" \/>\n<meta property=\"og:url\" content=\"https:\/\/ossiachersee-schifffahrt.at\/en\/impressum\/\" \/>\n<meta property=\"og:site_name\" content=\"Die Schiffe von Oss\" \/>\n<meta property=\"article:modified_time\" content=\"2026-03-10T09:33:16+00:00\" \/>\n<meta name=\"twitter:card\" content=\"summary_large_image\" \/>\n<meta name=\"twitter:label1\" content=\"Estimated reading time\" \/>\n\t<meta name=\"twitter:data1\" content=\"4 minutes\" \/>\n<script type=\"application\/ld+json\" class=\"yoast-schema-graph\">{\"@context\":\"https:\\\/\\\/schema.org\",\"@graph\":[{\"@type\":\"WebPage\",\"@id\":\"https:\\\/\\\/ossiachersee-schifffahrt.at\\\/impressum\\\/\",\"url\":\"https:\\\/\\\/ossiachersee-schifffahrt.at\\\/impressum\\\/\",\"name\":\"Impressum - Nageler Schifffahrt\",\"isPartOf\":{\"@id\":\"https:\\\/\\\/ossiachersee-schifffahrt.at\\\/#website\"},\"datePublished\":\"2020-01-21T16:10:02+00:00\",\"dateModified\":\"2026-03-10T09:33:16+00:00\",\"description\":\"Hier finden Sie die Impressumsdaten laut Mediengesetz der Nageler Schifffahrt.\",\"breadcrumb\":{\"@id\":\"https:\\\/\\\/ossiachersee-schifffahrt.at\\\/impressum\\\/#breadcrumb\"},\"inLanguage\":\"en-GB\",\"potentialAction\":[{\"@type\":\"ReadAction\",\"target\":[\"https:\\\/\\\/ossiachersee-schifffahrt.at\\\/impressum\\\/\"]}]},{\"@type\":\"BreadcrumbList\",\"@id\":\"https:\\\/\\\/ossiachersee-schifffahrt.at\\\/impressum\\\/#breadcrumb\",\"itemListElement\":[{\"@type\":\"ListItem\",\"position\":1,\"name\":\"Startseite\",\"item\":\"https:\\\/\\\/ossiachersee-schifffahrt.at\\\/\"},{\"@type\":\"ListItem\",\"position\":2,\"name\":\"Impressum\"}]},{\"@type\":\"WebSite\",\"@id\":\"https:\\\/\\\/ossiachersee-schifffahrt.at\\\/#website\",\"url\":\"https:\\\/\\\/ossiachersee-schifffahrt.at\\\/\",\"name\":\"Die Schiffe von Oss\",\"description\":\"Schifffahrt am Ossiachersee\",\"publisher\":{\"@id\":\"https:\\\/\\\/ossiachersee-schifffahrt.at\\\/#organization\"},\"potentialAction\":[{\"@type\":\"SearchAction\",\"target\":{\"@type\":\"EntryPoint\",\"urlTemplate\":\"https:\\\/\\\/ossiachersee-schifffahrt.at\\\/?s={search_term_string}\"},\"query-input\":{\"@type\":\"PropertyValueSpecification\",\"valueRequired\":true,\"valueName\":\"search_term_string\"}}],\"inLanguage\":\"en-GB\"},{\"@type\":\"Organization\",\"@id\":\"https:\\\/\\\/ossiachersee-schifffahrt.at\\\/#organization\",\"name\":\"Die Schiffe von Oss\",\"url\":\"https:\\\/\\\/ossiachersee-schifffahrt.at\\\/\",\"logo\":{\"@type\":\"ImageObject\",\"inLanguage\":\"en-GB\",\"@id\":\"https:\\\/\\\/ossiachersee-schifffahrt.at\\\/#\\\/schema\\\/logo\\\/image\\\/\",\"url\":\"https:\\\/\\\/ossiachersee-schifffahrt.at\\\/wp-content\\\/uploads\\\/2020\\\/03\\\/350x100.png\",\"contentUrl\":\"https:\\\/\\\/ossiachersee-schifffahrt.at\\\/wp-content\\\/uploads\\\/2020\\\/03\\\/350x100.png\",\"caption\":\"Die Schiffe von Oss\"},\"image\":{\"@id\":\"https:\\\/\\\/ossiachersee-schifffahrt.at\\\/#\\\/schema\\\/logo\\\/image\\\/\"}}]}<\/script>\n<!-- \/ Yoast SEO plugin. -->","yoast_head_json":{"title":"Impressum - Nageler Schifffahrt","description":"Hier finden Sie die Impressumsdaten laut Mediengesetz der Nageler Schifffahrt.","robots":{"index":"index","follow":"follow","max-snippet":"max-snippet:-1","max-image-preview":"max-image-preview:large","max-video-preview":"max-video-preview:-1"},"canonical":"https:\/\/ossiachersee-schifffahrt.at\/en\/impressum\/","og_locale":"en_GB","og_type":"article","og_title":"Impressum - Nageler Schifffahrt","og_description":"Hier finden Sie die Impressumsdaten laut Mediengesetz der Nageler Schifffahrt.","og_url":"https:\/\/ossiachersee-schifffahrt.at\/en\/impressum\/","og_site_name":"Die Schiffe von Oss","article_modified_time":"2026-03-10T09:33:16+00:00","twitter_card":"summary_large_image","twitter_misc":{"Estimated reading time":"4 minutes"},"schema":{"@context":"https:\/\/schema.org","@graph":[{"@type":"WebPage","@id":"https:\/\/ossiachersee-schifffahrt.at\/impressum\/","url":"https:\/\/ossiachersee-schifffahrt.at\/impressum\/","name":"Impressum - Nageler Schifffahrt","isPartOf":{"@id":"https:\/\/ossiachersee-schifffahrt.at\/#website"},"datePublished":"2020-01-21T16:10:02+00:00","dateModified":"2026-03-10T09:33:16+00:00","description":"Hier finden Sie die Impressumsdaten laut Mediengesetz der Nageler Schifffahrt.","breadcrumb":{"@id":"https:\/\/ossiachersee-schifffahrt.at\/impressum\/#breadcrumb"},"inLanguage":"en-GB","potentialAction":[{"@type":"ReadAction","target":["https:\/\/ossiachersee-schifffahrt.at\/impressum\/"]}]},{"@type":"BreadcrumbList","@id":"https:\/\/ossiachersee-schifffahrt.at\/impressum\/#breadcrumb","itemListElement":[{"@type":"ListItem","position":1,"name":"Startseite","item":"https:\/\/ossiachersee-schifffahrt.at\/"},{"@type":"ListItem","position":2,"name":"Impressum"}]},{"@type":"WebSite","@id":"https:\/\/ossiachersee-schifffahrt.at\/#website","url":"https:\/\/ossiachersee-schifffahrt.at\/","name":"Die Schiffe von Oss","description":"Schifffahrt am Ossiachersee","publisher":{"@id":"https:\/\/ossiachersee-schifffahrt.at\/#organization"},"potentialAction":[{"@type":"SearchAction","target":{"@type":"EntryPoint","urlTemplate":"https:\/\/ossiachersee-schifffahrt.at\/?s={search_term_string}"},"query-input":{"@type":"PropertyValueSpecification","valueRequired":true,"valueName":"search_term_string"}}],"inLanguage":"en-GB"},{"@type":"Organization","@id":"https:\/\/ossiachersee-schifffahrt.at\/#organization","name":"Die Schiffe von Oss","url":"https:\/\/ossiachersee-schifffahrt.at\/","logo":{"@type":"ImageObject","inLanguage":"en-GB","@id":"https:\/\/ossiachersee-schifffahrt.at\/#\/schema\/logo\/image\/","url":"https:\/\/ossiachersee-schifffahrt.at\/wp-content\/uploads\/2020\/03\/350x100.png","contentUrl":"https:\/\/ossiachersee-schifffahrt.at\/wp-content\/uploads\/2020\/03\/350x100.png","caption":"Die Schiffe von Oss"},"image":{"@id":"https:\/\/ossiachersee-schifffahrt.at\/#\/schema\/logo\/image\/"}}]}},"_links":{"self":[{"href":"https:\/\/ossiachersee-schifffahrt.at\/en\/wp-json\/wp\/v2\/pages\/129","targetHints":{"allow":["GET"]}}],"collection":[{"href":"https:\/\/ossiachersee-schifffahrt.at\/en\/wp-json\/wp\/v2\/pages"}],"about":[{"href":"https:\/\/ossiachersee-schifffahrt.at\/en\/wp-json\/wp\/v2\/types\/page"}],"author":[{"embeddable":true,"href":"https:\/\/ossiachersee-schifffahrt.at\/en\/wp-json\/wp\/v2\/users\/1"}],"replies":[{"embeddable":true,"href":"https:\/\/ossiachersee-schifffahrt.at\/en\/wp-json\/wp\/v2\/comments?post=129"}],"version-history":[{"count":13,"href":"https:\/\/ossiachersee-schifffahrt.at\/en\/wp-json\/wp\/v2\/pages\/129\/revisions"}],"predecessor-version":[{"id":4694,"href":"https:\/\/ossiachersee-schifffahrt.at\/en\/wp-json\/wp\/v2\/pages\/129\/revisions\/4694"}],"wp:attachment":[{"href":"https:\/\/ossiachersee-schifffahrt.at\/en\/wp-json\/wp\/v2\/media?parent=129"}],"curies":[{"name":"wp","href":"https:\/\/api.w.org\/{rel}","templated":true}]}}