{"id":2570,"date":"2023-04-20T11:31:43","date_gmt":"2023-04-20T09:31:43","guid":{"rendered":"https:\/\/ossiachersee-schifffahrt.at\/?page_id=2570"},"modified":"2025-03-06T15:04:01","modified_gmt":"2025-03-06T14:04:01","slug":"theater-bordkarte","status":"publish","type":"page","link":"https:\/\/ossiachersee-schifffahrt.at\/en\/theater-bordkarte\/","title":{"rendered":"Theater am Schiff Bordkarten"},"content":{"rendered":"<div data-elementor-type=\"wp-page\" data-elementor-id=\"2570\" class=\"elementor elementor-2570\">\n\t\t\t\t\t\t<section class=\"elementor-section elementor-top-section elementor-element elementor-element-dfb5632 elementor-section-boxed elementor-section-height-default elementor-section-height-default\" data-id=\"dfb5632\" data-element_type=\"section\" data-e-type=\"section\">\n\t\t\t\t\t\t<div class=\"elementor-container elementor-column-gap-default\">\n\t\t\t\t\t<div class=\"elementor-column elementor-col-66 elementor-top-column elementor-element elementor-element-a9cd566\" data-id=\"a9cd566\" data-element_type=\"column\" data-e-type=\"column\">\n\t\t\t<div class=\"elementor-widget-wrap elementor-element-populated\">\n\t\t\t\t\t\t<div class=\"elementor-element elementor-element-3be8089 elementor-widget elementor-widget-heading\" data-id=\"3be8089\" data-element_type=\"widget\" data-e-type=\"widget\" data-widget_type=\"heading.default\">\n\t\t\t\t<div class=\"elementor-widget-container\">\n\t\t\t\t\t<h2 class=\"elementor-heading-title elementor-size-default\">Theater am Schiff 2025: Sisi - Nah am Wasser <\/h2>\t\t\t\t<\/div>\n\t\t\t\t<\/div>\n\t\t\t\t<div class=\"elementor-element elementor-element-cc2e8ab elementor-widget elementor-widget-text-editor\" data-id=\"cc2e8ab\" data-element_type=\"widget\" data-e-type=\"widget\" data-widget_type=\"text-editor.default\">\n\t\t\t\t<div class=\"elementor-widget-container\">\n\t\t\t\t\t\t\t\t\t<p>Auch heuer bringt die <span style=\"text-decoration: underline; color: #d12828;\"><strong><a style=\"color: #d12828; text-decoration: underline;\" href=\"https:\/\/neuebuehnevillach.at\/produktionen-2024\/zweierbeziehung\/\">neue b\u00fchne villach<\/a><\/strong><\/span> wieder beste Unterhaltung an den See:\u00a0<br \/>Von 14. Mai bis 28. Juni wird auf der <a href=\"https:\/\/ossiachersee-schifffahrt.at\/en\/die-schiffe-von-oss\/\"><span style=\"text-decoration: underline;\"><strong>MS Gerlitze<\/strong><\/span><\/a> mit &#8222;Sisi &#8211; Nah am Wasser: ein Sisical&#8220; eine brandneue Kom\u00f6die ihre Urauff\u00fchrung in passendem Rahmen erhalten.<br \/><span style=\"font-size: 14px; color: var( --e-global-color-text );\"><br \/>Verpassen Sie nicht die einmalige Gelegenheit, den abendlichen See und Unterhaltung der Extraklasse zu genie\u00dfen.<br \/><\/span>Bereits zum dritten Mal startet die Theaterfahrt 2025 von der malerischen<a href=\"https:\/\/ossiachersee-schifffahrt.at\/en\/stationen\/\"><span style=\"text-decoration: underline;\"><strong> Schiffsstation Ossiach<\/strong><\/span><\/a> aus! Die Ortschaft l\u00e4dt mit zahlreichen Restaurants dazu ein, den perfekten Theaterabend mit einem gem\u00fctlichen Dinner zu beginnen und anschlie\u00dfend am Schiff ausklingen zu lassen.\u00a0\u00a0<\/p>\t\t\t\t\t\t\t\t<\/div>\n\t\t\t\t<\/div>\n\t\t\t\t<div class=\"elementor-element elementor-element-86d00ee elementor-align-center elementor-widget elementor-widget-button\" data-id=\"86d00ee\" data-element_type=\"widget\" data-e-type=\"widget\" data-widget_type=\"button.default\">\n\t\t\t\t<div class=\"elementor-widget-container\">\n\t\t\t\t\t\t\t\t\t<div class=\"elementor-button-wrapper\">\n\t\t\t\t\t<a class=\"elementor-button elementor-button-link elementor-size-sm\" href=\"https:\/\/www.eventim-light.com\/at\/a\/64105ff76a8b3a30a4a4cf34\/s\/67598dc543a706567bb1d35a\" target=\"_blank\">\n\t\t\t\t\t\t<span class=\"elementor-button-content-wrapper\">\n\t\t\t\t\t\t\t\t\t<span class=\"elementor-button-text\">1. Theaterkarten buchen<\/span>\n\t\t\t\t\t<\/span>\n\t\t\t\t\t<\/a>\n\t\t\t\t<\/div>\n\t\t\t\t\t\t\t\t<\/div>\n\t\t\t\t<\/div>\n\t\t\t\t<div class=\"elementor-element elementor-element-1e058aa elementor-widget elementor-widget-heading\" data-id=\"1e058aa\" data-element_type=\"widget\" data-e-type=\"widget\" data-widget_type=\"heading.default\">\n\t\t\t\t<div class=\"elementor-widget-container\">\n\t\t\t\t\t<h5 class=\"elementor-heading-title elementor-size-default\"><a href=\"https:\/\/neuebuehnevillach.at\/produktionen-2023-2\/sherlockholmes\/\">Bitte buchen Sie erst dann Bordkarten, wenn Sie bereits eine Theaterkarte f\u00fcr den entsprechenden Termin haben! <\/a><\/h5>\t\t\t\t<\/div>\n\t\t\t\t<\/div>\n\t\t\t\t<div class=\"elementor-element elementor-element-a8ee2c6 elementor-align-center elementor-widget elementor-widget-button\" data-id=\"a8ee2c6\" data-element_type=\"widget\" data-e-type=\"widget\" data-widget_type=\"button.default\">\n\t\t\t\t<div class=\"elementor-widget-container\">\n\t\t\t\t\t\t\t\t\t<div class=\"elementor-button-wrapper\">\n\t\t\t\t\t<a class=\"elementor-button elementor-button-link elementor-size-sm\" href=\"https:\/\/www.kaernten-tickets.at\/#\/erlebnisse\/KTN\/72586ca2-df66-490a-932c-4e6aaa71e0a6\/theater-am-schiff---bordkarte\" target=\"_blank\">\n\t\t\t\t\t\t<span class=\"elementor-button-content-wrapper\">\n\t\t\t\t\t\t\t\t\t<span class=\"elementor-button-text\">2.  Bordkarten buchen<\/span>\n\t\t\t\t\t<\/span>\n\t\t\t\t\t<\/a>\n\t\t\t\t<\/div>\n\t\t\t\t\t\t\t\t<\/div>\n\t\t\t\t<\/div>\n\t\t\t\t<div class=\"elementor-element elementor-element-84a5926 elementor-widget elementor-widget-text-editor\" data-id=\"84a5926\" data-element_type=\"widget\" data-e-type=\"widget\" data-widget_type=\"text-editor.default\">\n\t\t\t\t<div class=\"elementor-widget-container\">\n\t\t\t\t\t\t\t\t\t<p><strong><span style=\"color: #0000ff;\">K\u00e4rnten Card Info:\u00a0<\/span><\/strong><br \/>The <strong>K\u00e4rnten Card ist bei den Theaterfahrten <span style=\"text-decoration: underline;\">nicht<\/span> als Bordkarte g\u00fcltig<\/strong>, da es sich nicht um Linienverkehr sondern um eine Sonderveranstaltung handelt!\u00a0<\/p>\t\t\t\t\t\t\t\t<\/div>\n\t\t\t\t<\/div>\n\t\t\t\t\t<\/div>\n\t\t<\/div>\n\t\t\t\t<div class=\"elementor-column elementor-col-33 elementor-top-column elementor-element elementor-element-d2cf91f\" data-id=\"d2cf91f\" data-element_type=\"column\" data-e-type=\"column\">\n\t\t\t<div class=\"elementor-widget-wrap elementor-element-populated\">\n\t\t\t\t\t\t<div class=\"elementor-element elementor-element-0420aaa elementor-widget elementor-widget-image\" data-id=\"0420aaa\" data-element_type=\"widget\" data-e-type=\"widget\" data-widget_type=\"image.default\">\n\t\t\t\t<div class=\"elementor-widget-container\">\n\t\t\t\t\t\t\t\t\t\t\t\t\t\t\t\t<a href=\"https:\/\/neuebuehnevillach.at\/produktionen-2024\/zweierbeziehung\/\">\n\t\t\t\t\t\t\t<img fetchpriority=\"high\" decoding=\"async\" width=\"819\" height=\"1024\" src=\"https:\/\/ossiachersee-schifffahrt.at\/wp-content\/uploads\/2025\/03\/Sissi-819x1024.png\" class=\"attachment-large size-large wp-image-4215\" alt=\"\" srcset=\"https:\/\/ossiachersee-schifffahrt.at\/wp-content\/uploads\/2025\/03\/Sissi-819x1024.png 819w, https:\/\/ossiachersee-schifffahrt.at\/wp-content\/uploads\/2025\/03\/Sissi-240x300.png 240w, https:\/\/ossiachersee-schifffahrt.at\/wp-content\/uploads\/2025\/03\/Sissi-768x960.png 768w, https:\/\/ossiachersee-schifffahrt.at\/wp-content\/uploads\/2025\/03\/Sissi-10x12.png 10w, https:\/\/ossiachersee-schifffahrt.at\/wp-content\/uploads\/2025\/03\/Sissi.png 1080w\" sizes=\"(max-width: 819px) 100vw, 819px\" \/>\t\t\t\t\t\t\t\t<\/a>\n\t\t\t\t\t\t\t\t\t\t\t\t\t\t\t<\/div>\n\t\t\t\t<\/div>\n\t\t\t\t\t<\/div>\n\t\t<\/div>\n\t\t\t\t\t<\/div>\n\t\t<\/section>\n\t\t\t\t<\/div>","protected":false},"excerpt":{"rendered":"<p>Theater am Schiff 2025: Sisi &#8211; Nah am Wasser Auch heuer bringt die neue b\u00fchne villach wieder beste Unterhaltung an den See:\u00a0Von 14. Mai bis 28. Juni wird auf der MS Gerlitze mit &#8222;Sisi &#8211; Nah am Wasser: ein Sisical&#8220; eine brandneue Kom\u00f6die ihre Urauff\u00fchrung in passendem Rahmen erhalten. Verpassen Sie nicht die einmalige Gelegenheit, [&hellip;]<\/p>\n","protected":false},"author":1,"featured_media":0,"parent":0,"menu_order":0,"comment_status":"closed","ping_status":"closed","template":"","meta":{"footnotes":""},"class_list":["post-2570","page","type-page","status-publish","hentry","entry"],"yoast_head":"<!-- This site is optimized with the Yoast SEO plugin v27.4 - https:\/\/yoast.com\/product\/yoast-seo-wordpress\/ -->\n<title>Theater am Schiff Bordkarten - Die Schiffe von Oss<\/title>\n<meta name=\"description\" content=\"Online Ticketshop f\u00fcr die Bordkarte f\u00fcr Theater am Schiff vom 19. Mai bis 30. Juni 2023. Nur g\u00fcltig mit Theaterkarte der Neue B\u00fchne Villach\" \/>\n<meta name=\"robots\" content=\"index, follow, max-snippet:-1, max-image-preview:large, max-video-preview:-1\" \/>\n<link rel=\"canonical\" href=\"https:\/\/ossiachersee-schifffahrt.at\/en\/theater-bordkarte\/\" \/>\n<meta property=\"og:locale\" content=\"en_GB\" \/>\n<meta property=\"og:type\" content=\"article\" \/>\n<meta property=\"og:title\" content=\"Theater am Schiff Bordkarten - Die Schiffe von Oss\" \/>\n<meta property=\"og:description\" content=\"Online Ticketshop f\u00fcr die Bordkarte f\u00fcr Theater am Schiff vom 19. Mai bis 30. Juni 2023. Nur g\u00fcltig mit Theaterkarte der Neue B\u00fchne Villach\" \/>\n<meta property=\"og:url\" content=\"https:\/\/ossiachersee-schifffahrt.at\/en\/theater-bordkarte\/\" \/>\n<meta property=\"og:site_name\" content=\"Die Schiffe von Oss\" \/>\n<meta property=\"article:modified_time\" content=\"2025-03-06T14:04:01+00:00\" \/>\n<meta property=\"og:image\" content=\"https:\/\/ossiachersee-schifffahrt.at\/wp-content\/uploads\/2025\/03\/Sissi.png\" \/>\n\t<meta property=\"og:image:width\" content=\"1080\" \/>\n\t<meta property=\"og:image:height\" content=\"1350\" \/>\n\t<meta property=\"og:image:type\" content=\"image\/png\" \/>\n<meta name=\"twitter:card\" content=\"summary_large_image\" \/>\n<meta name=\"twitter:label1\" content=\"Estimated reading time\" \/>\n\t<meta name=\"twitter:data1\" content=\"1 minute\" \/>\n<script type=\"application\/ld+json\" class=\"yoast-schema-graph\">{\"@context\":\"https:\\\/\\\/schema.org\",\"@graph\":[{\"@type\":\"WebPage\",\"@id\":\"https:\\\/\\\/ossiachersee-schifffahrt.at\\\/theater-bordkarte\\\/\",\"url\":\"https:\\\/\\\/ossiachersee-schifffahrt.at\\\/theater-bordkarte\\\/\",\"name\":\"Theater am Schiff Bordkarten - Die Schiffe von Oss\",\"isPartOf\":{\"@id\":\"https:\\\/\\\/ossiachersee-schifffahrt.at\\\/#website\"},\"primaryImageOfPage\":{\"@id\":\"https:\\\/\\\/ossiachersee-schifffahrt.at\\\/theater-bordkarte\\\/#primaryimage\"},\"image\":{\"@id\":\"https:\\\/\\\/ossiachersee-schifffahrt.at\\\/theater-bordkarte\\\/#primaryimage\"},\"thumbnailUrl\":\"https:\\\/\\\/ossiachersee-schifffahrt.at\\\/wp-content\\\/uploads\\\/2025\\\/03\\\/Sissi-819x1024.png\",\"datePublished\":\"2023-04-20T09:31:43+00:00\",\"dateModified\":\"2025-03-06T14:04:01+00:00\",\"description\":\"Online Ticketshop f\u00fcr die Bordkarte f\u00fcr Theater am Schiff vom 19. Mai bis 30. Juni 2023. Nur g\u00fcltig mit Theaterkarte der Neue B\u00fchne Villach\",\"breadcrumb\":{\"@id\":\"https:\\\/\\\/ossiachersee-schifffahrt.at\\\/theater-bordkarte\\\/#breadcrumb\"},\"inLanguage\":\"en-GB\",\"potentialAction\":[{\"@type\":\"ReadAction\",\"target\":[\"https:\\\/\\\/ossiachersee-schifffahrt.at\\\/theater-bordkarte\\\/\"]}]},{\"@type\":\"ImageObject\",\"inLanguage\":\"en-GB\",\"@id\":\"https:\\\/\\\/ossiachersee-schifffahrt.at\\\/theater-bordkarte\\\/#primaryimage\",\"url\":\"https:\\\/\\\/ossiachersee-schifffahrt.at\\\/wp-content\\\/uploads\\\/2025\\\/03\\\/Sissi-819x1024.png\",\"contentUrl\":\"https:\\\/\\\/ossiachersee-schifffahrt.at\\\/wp-content\\\/uploads\\\/2025\\\/03\\\/Sissi-819x1024.png\"},{\"@type\":\"BreadcrumbList\",\"@id\":\"https:\\\/\\\/ossiachersee-schifffahrt.at\\\/theater-bordkarte\\\/#breadcrumb\",\"itemListElement\":[{\"@type\":\"ListItem\",\"position\":1,\"name\":\"Startseite\",\"item\":\"https:\\\/\\\/ossiachersee-schifffahrt.at\\\/\"},{\"@type\":\"ListItem\",\"position\":2,\"name\":\"Theater am Schiff Bordkarten\"}]},{\"@type\":\"WebSite\",\"@id\":\"https:\\\/\\\/ossiachersee-schifffahrt.at\\\/#website\",\"url\":\"https:\\\/\\\/ossiachersee-schifffahrt.at\\\/\",\"name\":\"Die Schiffe von Oss\",\"description\":\"Schifffahrt am Ossiachersee\",\"publisher\":{\"@id\":\"https:\\\/\\\/ossiachersee-schifffahrt.at\\\/#organization\"},\"potentialAction\":[{\"@type\":\"SearchAction\",\"target\":{\"@type\":\"EntryPoint\",\"urlTemplate\":\"https:\\\/\\\/ossiachersee-schifffahrt.at\\\/?s={search_term_string}\"},\"query-input\":{\"@type\":\"PropertyValueSpecification\",\"valueRequired\":true,\"valueName\":\"search_term_string\"}}],\"inLanguage\":\"en-GB\"},{\"@type\":\"Organization\",\"@id\":\"https:\\\/\\\/ossiachersee-schifffahrt.at\\\/#organization\",\"name\":\"Die Schiffe von Oss\",\"url\":\"https:\\\/\\\/ossiachersee-schifffahrt.at\\\/\",\"logo\":{\"@type\":\"ImageObject\",\"inLanguage\":\"en-GB\",\"@id\":\"https:\\\/\\\/ossiachersee-schifffahrt.at\\\/#\\\/schema\\\/logo\\\/image\\\/\",\"url\":\"https:\\\/\\\/ossiachersee-schifffahrt.at\\\/wp-content\\\/uploads\\\/2020\\\/03\\\/350x100.png\",\"contentUrl\":\"https:\\\/\\\/ossiachersee-schifffahrt.at\\\/wp-content\\\/uploads\\\/2020\\\/03\\\/350x100.png\",\"caption\":\"Die Schiffe von Oss\"},\"image\":{\"@id\":\"https:\\\/\\\/ossiachersee-schifffahrt.at\\\/#\\\/schema\\\/logo\\\/image\\\/\"}}]}<\/script>\n<!-- \/ Yoast SEO plugin. -->","yoast_head_json":{"title":"Theater am Schiff Bordkarten - Die Schiffe von Oss","description":"Online Ticketshop f\u00fcr die Bordkarte f\u00fcr Theater am Schiff vom 19. Mai bis 30. Juni 2023. Nur g\u00fcltig mit Theaterkarte der Neue B\u00fchne Villach","robots":{"index":"index","follow":"follow","max-snippet":"max-snippet:-1","max-image-preview":"max-image-preview:large","max-video-preview":"max-video-preview:-1"},"canonical":"https:\/\/ossiachersee-schifffahrt.at\/en\/theater-bordkarte\/","og_locale":"en_GB","og_type":"article","og_title":"Theater am Schiff Bordkarten - Die Schiffe von Oss","og_description":"Online Ticketshop f\u00fcr die Bordkarte f\u00fcr Theater am Schiff vom 19. Mai bis 30. Juni 2023. Nur g\u00fcltig mit Theaterkarte der Neue B\u00fchne Villach","og_url":"https:\/\/ossiachersee-schifffahrt.at\/en\/theater-bordkarte\/","og_site_name":"Die Schiffe von Oss","article_modified_time":"2025-03-06T14:04:01+00:00","og_image":[{"width":1080,"height":1350,"url":"https:\/\/ossiachersee-schifffahrt.at\/wp-content\/uploads\/2025\/03\/Sissi.png","type":"image\/png"}],"twitter_card":"summary_large_image","twitter_misc":{"Estimated reading time":"1 minute"},"schema":{"@context":"https:\/\/schema.org","@graph":[{"@type":"WebPage","@id":"https:\/\/ossiachersee-schifffahrt.at\/theater-bordkarte\/","url":"https:\/\/ossiachersee-schifffahrt.at\/theater-bordkarte\/","name":"Theater am Schiff Bordkarten - Die Schiffe von Oss","isPartOf":{"@id":"https:\/\/ossiachersee-schifffahrt.at\/#website"},"primaryImageOfPage":{"@id":"https:\/\/ossiachersee-schifffahrt.at\/theater-bordkarte\/#primaryimage"},"image":{"@id":"https:\/\/ossiachersee-schifffahrt.at\/theater-bordkarte\/#primaryimage"},"thumbnailUrl":"https:\/\/ossiachersee-schifffahrt.at\/wp-content\/uploads\/2025\/03\/Sissi-819x1024.png","datePublished":"2023-04-20T09:31:43+00:00","dateModified":"2025-03-06T14:04:01+00:00","description":"Online Ticketshop f\u00fcr die Bordkarte f\u00fcr Theater am Schiff vom 19. Mai bis 30. Juni 2023. Nur g\u00fcltig mit Theaterkarte der Neue B\u00fchne Villach","breadcrumb":{"@id":"https:\/\/ossiachersee-schifffahrt.at\/theater-bordkarte\/#breadcrumb"},"inLanguage":"en-GB","potentialAction":[{"@type":"ReadAction","target":["https:\/\/ossiachersee-schifffahrt.at\/theater-bordkarte\/"]}]},{"@type":"ImageObject","inLanguage":"en-GB","@id":"https:\/\/ossiachersee-schifffahrt.at\/theater-bordkarte\/#primaryimage","url":"https:\/\/ossiachersee-schifffahrt.at\/wp-content\/uploads\/2025\/03\/Sissi-819x1024.png","contentUrl":"https:\/\/ossiachersee-schifffahrt.at\/wp-content\/uploads\/2025\/03\/Sissi-819x1024.png"},{"@type":"BreadcrumbList","@id":"https:\/\/ossiachersee-schifffahrt.at\/theater-bordkarte\/#breadcrumb","itemListElement":[{"@type":"ListItem","position":1,"name":"Startseite","item":"https:\/\/ossiachersee-schifffahrt.at\/"},{"@type":"ListItem","position":2,"name":"Theater am Schiff Bordkarten"}]},{"@type":"WebSite","@id":"https:\/\/ossiachersee-schifffahrt.at\/#website","url":"https:\/\/ossiachersee-schifffahrt.at\/","name":"Die Schiffe von Oss","description":"Schifffahrt am Ossiachersee","publisher":{"@id":"https:\/\/ossiachersee-schifffahrt.at\/#organization"},"potentialAction":[{"@type":"SearchAction","target":{"@type":"EntryPoint","urlTemplate":"https:\/\/ossiachersee-schifffahrt.at\/?s={search_term_string}"},"query-input":{"@type":"PropertyValueSpecification","valueRequired":true,"valueName":"search_term_string"}}],"inLanguage":"en-GB"},{"@type":"Organization","@id":"https:\/\/ossiachersee-schifffahrt.at\/#organization","name":"Die Schiffe von Oss","url":"https:\/\/ossiachersee-schifffahrt.at\/","logo":{"@type":"ImageObject","inLanguage":"en-GB","@id":"https:\/\/ossiachersee-schifffahrt.at\/#\/schema\/logo\/image\/","url":"https:\/\/ossiachersee-schifffahrt.at\/wp-content\/uploads\/2020\/03\/350x100.png","contentUrl":"https:\/\/ossiachersee-schifffahrt.at\/wp-content\/uploads\/2020\/03\/350x100.png","caption":"Die Schiffe von Oss"},"image":{"@id":"https:\/\/ossiachersee-schifffahrt.at\/#\/schema\/logo\/image\/"}}]}},"_links":{"self":[{"href":"https:\/\/ossiachersee-schifffahrt.at\/en\/wp-json\/wp\/v2\/pages\/2570","targetHints":{"allow":["GET"]}}],"collection":[{"href":"https:\/\/ossiachersee-schifffahrt.at\/en\/wp-json\/wp\/v2\/pages"}],"about":[{"href":"https:\/\/ossiachersee-schifffahrt.at\/en\/wp-json\/wp\/v2\/types\/page"}],"author":[{"embeddable":true,"href":"https:\/\/ossiachersee-schifffahrt.at\/en\/wp-json\/wp\/v2\/users\/1"}],"replies":[{"embeddable":true,"href":"https:\/\/ossiachersee-schifffahrt.at\/en\/wp-json\/wp\/v2\/comments?post=2570"}],"version-history":[{"count":14,"href":"https:\/\/ossiachersee-schifffahrt.at\/en\/wp-json\/wp\/v2\/pages\/2570\/revisions"}],"predecessor-version":[{"id":4222,"href":"https:\/\/ossiachersee-schifffahrt.at\/en\/wp-json\/wp\/v2\/pages\/2570\/revisions\/4222"}],"wp:attachment":[{"href":"https:\/\/ossiachersee-schifffahrt.at\/en\/wp-json\/wp\/v2\/media?parent=2570"}],"curies":[{"name":"wp","href":"https:\/\/api.w.org\/{rel}","templated":true}]}}